{"id":3460,"date":"2024-01-04T14:44:35","date_gmt":"2024-01-04T14:44:35","guid":{"rendered":"https:\/\/weissenhof.com\/esonero-responsabilita\/"},"modified":"2024-03-22T08:07:05","modified_gmt":"2024-03-22T08:07:05","slug":"esonero-responsabilita","status":"publish","type":"page","link":"https:\/\/weissenhof.com\/it\/esonero-responsabilita\/","title":{"rendered":"Esonero di responsabilit\u00e0"},"content":{"rendered":"\t\t<div data-elementor-type=\"wp-page\" data-elementor-id=\"3460\" class=\"elementor elementor-3460 elementor-2589\" data-elementor-post-type=\"page\">\n\t\t\t\t<div class=\"elementor-element elementor-element-a62e265 e-flex e-con-boxed e-con e-parent\" data-id=\"a62e265\" data-element_type=\"container\" data-e-type=\"container\" data-settings=\"{&quot;background_background&quot;:&quot;classic&quot;}\">\n\t\t\t\t\t<div class=\"e-con-inner\">\n\t\t\t\t<div class=\"elementor-element elementor-element-e16670e elementor-widget elementor-widget-heading\" data-id=\"e16670e\" data-element_type=\"widget\" data-e-type=\"widget\" data-widget_type=\"heading.default\">\n\t\t\t\t<div class=\"elementor-widget-container\">\n\t\t\t\t\t<h2 class=\"elementor-heading-title elementor-size-default\">Esonero Responsabilit\u00e0<\/h2>\t\t\t\t<\/div>\n\t\t\t\t<\/div>\n\t\t\t\t\t<\/div>\n\t\t\t\t<\/div>\n\t\t<div class=\"elementor-element elementor-element-da52d43 e-flex e-con-boxed e-con e-parent\" data-id=\"da52d43\" data-element_type=\"container\" data-e-type=\"container\" data-settings=\"{&quot;background_background&quot;:&quot;classic&quot;}\">\n\t\t\t\t\t<div class=\"e-con-inner\">\n\t\t\t\t<div class=\"elementor-element elementor-element-079f85f elementor-widget elementor-widget-spacer\" data-id=\"079f85f\" data-element_type=\"widget\" data-e-type=\"widget\" data-widget_type=\"spacer.default\">\n\t\t\t\t<div class=\"elementor-widget-container\">\n\t\t\t\t\t\t\t<div class=\"elementor-spacer\">\n\t\t\t<div class=\"elementor-spacer-inner\"><\/div>\n\t\t<\/div>\n\t\t\t\t\t\t<\/div>\n\t\t\t\t<\/div>\n\t\t\t\t\t<\/div>\n\t\t\t\t<\/div>\n\t\t<div class=\"elementor-element elementor-element-a9ede56 e-flex e-con-boxed e-con e-parent\" data-id=\"a9ede56\" data-element_type=\"container\" data-e-type=\"container\" data-settings=\"{&quot;background_background&quot;:&quot;classic&quot;}\">\n\t\t\t\t\t<div class=\"e-con-inner\">\n\t\t\t\t<div class=\"elementor-element elementor-element-66414fa elementor-widget elementor-widget-text-editor\" data-id=\"66414fa\" data-element_type=\"widget\" data-e-type=\"widget\" data-widget_type=\"text-editor.default\">\n\t\t\t\t<div class=\"elementor-widget-container\">\n\t\t\t\t\t\t\t\t\t\n<!-- Legal document generated by Complianz | GDPR\/CCPA Cookie Consent https:\/\/wordpress.org\/plugins\/complianz-gdpr -->\n<div id=\"cmplz-document\" class=\"cmplz-document disclaimer cmplz-document-all\"><p>Weissenhof e.l.G. des Kerschbaumer Alois &amp; S\u00f6hne si impegna a mantenere questo sito aggiornato e accurato. Se dovessi comunque riscontrare qualcosa di incorretto o non aggiornato, ti saremmo grati se potessi farcelo sapere. Sei pregato di indicare in quale zona del sito web hai letto l&#8217;informazione. Lo esamineremo al pi\u00f9 presto. Invia la tua risposta via email a: <span class=\"cmplz-obfuscate\">&#105;nfo@<span class=\"cmplz-fmail-domain\">e&#120;&#046;co&#109;<\/span>w&#101;&#105;ssenh&#111;&#102;&#046;c&#111;m<\/span>.<\/p><p>Non siamo responsabili per la perdita a causa di inesattezze o incompletezza, n\u00e9 per la perdita derivante da problemi causati o inerenti alla diffusione di informazioni attraverso Internet, come disservizi o interruzioni. Quando si utilizzano i moduli Web, ci impegniamo a limitare al minimo il numero di campi obbligatori. Per qualsiasi perdita subita a causa dell&#8217;uso di dati, consigli o idee forniti da o per conto di Weissenhof e.l.G. des Kerschbaumer Alois &amp; S\u00f6hne tramite questo sito web, Weissenhof e.l.G. des Kerschbaumer Alois &amp; S\u00f6hne non si assume alcuna responsabilit\u00e0.<\/p><p>L&#8217;utilizzo del sito Web e di tutti i suoi componenti (inclusi i forum) \u00e8 soggetto alle <a href=\"https:\/\/weissenhof.com\/nutzungsbedingungen\" target=\"_blank\">condizioni d&#8217;uso<\/a>. Il semplice utilizzo di questo sito web implica la conoscenza e l&#8217;accettazione di queste condizioni d&#8217;uso.<\/p><p>Le risposte e le domande sulla privacy inviate via e-mail o utilizzando un modulo web saranno trattate allo stesso modo delle lettere. Ci\u00f2 significa che \u00e8 possibile aspettarsi una risposta da noi entro un periodo di 1 mese al massimo. Nel caso di richieste complesse, ti faremo sapere entro 1 mese se abbiamo bisogno di un massimo di 3 mesi.<\/p><p>Qualsiasi dato personale che ci fornisci nel contesto della tua risposta o richiesta di informazioni verr\u00e0 utilizzato solo in conformit\u00e0 con la nostra dichiarazione sulla privacy.<\/p><p>Weissenhof e.l.G. des Kerschbaumer Alois &amp; S\u00f6hne deve fare tutto il possibile per proteggere il proprio sistema contro qualsiasi forma di uso illegale. Weissenhof e.l.G. des Kerschbaumer Alois &amp; S\u00f6hne deve implementare misure tecniche e organizzative per questo scopo, prendendo in considerazione, tra le altre cose, lo stato dell&#8217;arte. Tuttavia, non sar\u00e0 responsabile di alcuna perdita, diretta e\/o indiretta, subita da un utente del sito web, che si manifesta a seguito dell&#8217;uso illegale dei suoi sistemi da parte di terzi.<\/p><p>Weissenhof e.l.G. des Kerschbaumer Alois &amp; S\u00f6hne non si assume alcuna responsabilit\u00e0 per il contenuto dei siti Web a cui o da cui viene effettuato un collegamento ipertestuale o un altro riferimento. I prodotti o servizi offerti da terze parti sono soggetti ai termini e alle condizioni applicabili di terze parti.<\/p><p>Tutti i diritti di propriet\u00e0 intellettuale sui contenuti di questo sito Web sono attribuiti a Weissenhof e.l.G. des Kerschbaumer Alois &amp; S\u00f6hne o a terzi che hanno inserito i contenuti loro stessi o da cui Weissenhof e.l.G. des Kerschbaumer Alois &amp; S\u00f6hne ha ottenuto una licenza utente.<\/p><p>Il contenuto di questo sito web \u00e8 disponibile con licenza Creative Commons &#8211; Attribution 4.0, se non diversamente specificato.<\/p><p>Se hai domande o problemi con l&#8217;accessibilit\u00e0 del sito web, non esitare a contattarci.<\/p><\/div>\n\t\t\t\t\t\t\t\t<\/div>\n\t\t\t\t<\/div>\n\t\t<div class=\"elementor-element elementor-element-604fd73 e-flex e-con-boxed e-con e-child\" data-id=\"604fd73\" data-element_type=\"container\" data-e-type=\"container\" data-settings=\"{&quot;background_background&quot;:&quot;classic&quot;}\">\n\t\t\t\t\t<div class=\"e-con-inner\">\n\t\t\t\t<div class=\"elementor-element elementor-element-5b27a94 elementor-widget elementor-widget-spacer\" data-id=\"5b27a94\" data-element_type=\"widget\" data-e-type=\"widget\" data-widget_type=\"spacer.default\">\n\t\t\t\t<div class=\"elementor-widget-container\">\n\t\t\t\t\t\t\t<div class=\"elementor-spacer\">\n\t\t\t<div class=\"elementor-spacer-inner\"><\/div>\n\t\t<\/div>\n\t\t\t\t\t\t<\/div>\n\t\t\t\t<\/div>\n\t\t\t\t\t<\/div>\n\t\t\t\t<\/div>\n\t\t\t\t\t<\/div>\n\t\t\t\t<\/div>\n\t\t\t\t<\/div>\n\t\t","protected":false},"excerpt":{"rendered":"<p>Esonero Responsabilit\u00e0<\/p>\n","protected":false},"author":1,"featured_media":0,"parent":0,"menu_order":0,"comment_status":"closed","ping_status":"closed","template":"elementor_header_footer","meta":{"footnotes":""},"class_list":["post-3460","page","type-page","status-publish","hentry"],"_links":{"self":[{"href":"https:\/\/weissenhof.com\/it\/wp-json\/wp\/v2\/pages\/3460","targetHints":{"allow":["GET"]}}],"collection":[{"href":"https:\/\/weissenhof.com\/it\/wp-json\/wp\/v2\/pages"}],"about":[{"href":"https:\/\/weissenhof.com\/it\/wp-json\/wp\/v2\/types\/page"}],"author":[{"embeddable":true,"href":"https:\/\/weissenhof.com\/it\/wp-json\/wp\/v2\/users\/1"}],"replies":[{"embeddable":true,"href":"https:\/\/weissenhof.com\/it\/wp-json\/wp\/v2\/comments?post=3460"}],"version-history":[{"count":0,"href":"https:\/\/weissenhof.com\/it\/wp-json\/wp\/v2\/pages\/3460\/revisions"}],"wp:attachment":[{"href":"https:\/\/weissenhof.com\/it\/wp-json\/wp\/v2\/media?parent=3460"}],"curies":[{"name":"wp","href":"https:\/\/api.w.org\/{rel}","templated":true}]}}